{"id":584,"date":"2025-09-22T08:30:45","date_gmt":"2025-09-22T08:30:45","guid":{"rendered":"https:\/\/new-government.com\/?page_id=584"},"modified":"2025-10-01T16:54:48","modified_gmt":"2025-10-01T16:54:48","slug":"contact-us","status":"publish","type":"page","link":"https:\/\/new-government.com\/pt\/contact-us\/","title":{"rendered":"Fale conosco"},"content":{"rendered":"<div class=\"wp-block-columns banner-other-pgs is-layout-flex wp-container-core-columns-is-layout-9d6595d7 wp-block-columns-is-layout-flex\">\n<div class=\"wp-block-column bnr-other-row is-layout-flow wp-block-column-is-layout-flow\">\n<div class=\"wp-block-uagb-container uagb-block-8a66c18c alignfull uagb-is-root-container\"><div class=\"uagb-container-inner-blocks-wrap\">\n<div class=\"wp-block-columns bnr-oth-inr-row is-layout-flex wp-container-core-columns-is-layout-9d6595d7 wp-block-columns-is-layout-flex\">\n<div class=\"wp-block-column bnr-oth-left is-layout-flow wp-block-column-is-layout-flow\">\n<div class=\"wp-block-uagb-advanced-heading uagb-block-c5cf7dcc\"><h1 class=\"uagb-heading-text\">Fale conosco<\/h1><\/div>\n<\/div>\n\n\n\n<div class=\"wp-block-column bnr-oth-right is-layout-flow wp-block-column-is-layout-flow\">\n<p><a href=\"https:\/\/test-dkjdskfjksd.xo.je\/\" data-type=\"page\" data-id=\"14\">In\u00edcio<\/a> Fale conosco<\/p>\n<\/div>\n<\/div>\n<\/div><\/div>\n<\/div>\n<\/div>\n\n\n\n<div class=\"wp-block-columns protest-main contact-us is-layout-flex wp-container-core-columns-is-layout-9d6595d7 wp-block-columns-is-layout-flex\">\n<div class=\"wp-block-column is-layout-flow wp-block-column-is-layout-flow\">\n<div class=\"wp-block-uagb-container uagb-block-6325ffed alignfull uagb-is-root-container\"><div class=\"uagb-container-inner-blocks-wrap\">\n<div class=\"wp-block-columns is-layout-flex wp-container-core-columns-is-layout-9d6595d7 wp-block-columns-is-layout-flex\">\n<div class=\"wp-block-column is-layout-flow wp-block-column-is-layout-flow\">\n<div class=\"wp-block-uagb-advanced-heading uagb-block-1a5dc627 green-heading\"><h4 class=\"uagb-heading-text\">Entre em Contato<\/h4><\/div>\n\n\n\n<div class=\"wp-block-uagb-advanced-heading uagb-block-83a16c9c\"><h2 class=\"uagb-heading-text\">Adorar\u00edamos Saber a Sua Opini\u00e3o<\/h2><\/div>\n\n\n\n<p>Tem uma pergunta, sugest\u00e3o ou quer se envolver? Nossa equipe est\u00e1 aqui para ouvir. Seja voc\u00ea um indiv\u00edduo, uma ONG ou um l\u00edder comunit\u00e1rio, estamos prontos para apoi\u00e1-lo no caminho para mudan\u00e7as significativas.<\/p>\n<\/div>\n<\/div>\n<\/div><\/div>\n<\/div>\n<\/div>\n\n\n\n<div class=\"wp-block-columns contact-us-main is-layout-flex wp-container-core-columns-is-layout-9d6595d7 wp-block-columns-is-layout-flex\">\n<div class=\"wp-block-column contact-us-inner is-layout-flow wp-block-column-is-layout-flow\">\n<div class=\"wp-block-uagb-container uagb-block-3b624800 alignfull uagb-is-root-container\"><div class=\"uagb-container-inner-blocks-wrap\">\n<div class=\"wp-block-columns contact-us-inner-row is-layout-flex wp-container-core-columns-is-layout-9d6595d7 wp-block-columns-is-layout-flex\">\n<div class=\"wp-block-column contact-us-inr-left is-layout-flow wp-block-column-is-layout-flow\">\n<div class=\"wp-block-uagb-image uagb-block-f7403d3c wp-block-uagb-image--layout-default wp-block-uagb-image--effect-static wp-block-uagb-image--align-none\"><figure class=\"wp-block-uagb-image__figure\"><img decoding=\"async\" srcset=\"https:\/\/test-dkjdskfjksd.xo.je\/wp-content\/uploads\/2025\/09\/Rectangle-3842.png ,https:\/\/test-dkjdskfjksd.xo.je\/wp-content\/uploads\/2025\/09\/Rectangle-3842.png 780w, https:\/\/test-dkjdskfjksd.xo.je\/wp-content\/uploads\/2025\/09\/Rectangle-3842.png 360w\" sizes=\"auto, (max-width: 480px) 150px\" src=\"https:\/\/test-dkjdskfjksd.xo.je\/wp-content\/uploads\/2025\/09\/Rectangle-3842.png\" alt=\"\" class=\"uag-image-133\" width=\"495\" height=\"458\" title=\"Rectangle 3842\" loading=\"lazy\" role=\"img\"\/><\/figure><\/div>\n<\/div>\n\n\n\n<div class=\"wp-block-column contact-us-inr-right is-layout-flow wp-block-column-is-layout-flow\">\n<div class=\"wp-block-uagb-forms uagb-forms__outer-wrap uagb-block-736f66b2 uagb-forms__medium-btn\"><form class=\"uagb-forms-main-form\" method=\"post\" autocomplete=\"on\" name=\"uagb-form-736f66b2\" action=\"\">\n<div class=\"wp-block-uagb-forms-name uagb-forms-name-wrap uagb-forms-field-set uagb-block-96e1482b\"><div class=\"uagb-forms-name-label required uagb-forms-input-label\" id=\"96e1482b\">Nome<\/div><input type=\"text\" placeholder=\"\" required class=\"uagb-forms-name-input uagb-forms-input\" name=\"96e1482b\" autocomplete=\"given-name\"\/><\/div>\n\n\n\n<div class=\"wp-block-uagb-forms-email uagb-forms-email-wrap uagb-forms-field-set uagb-block-60ea0623\"><div class=\"uagb-forms-email-label required uagb-forms-input-label\" id=\"60ea0623\">E-mail<\/div><input type=\"email\" class=\"uagb-forms-email-input uagb-forms-input\" placeholder=\"\" required name=\"60ea0623\" autocomplete=\"email\"\/><\/div>\n\n\n\n<div class=\"wp-block-uagb-forms-textarea uagb-forms-textarea-wrap uagb-forms-field-set uagb-block-14ad31d2\"><div class=\"uagb-forms-textarea-label  uagb-forms-input-label\" id=\"14ad31d2\">Mensagem<\/div><textarea class=\"uagb-forms-textarea-input uagb-forms-input\" rows=\"4\" placeholder=\"Escreva sua mensagem...\" name=\"14ad31d2\" autocomplete=\"off\"><\/textarea><\/div>\n<div class=\"uagb-forms-form-hidden-data\"><input type=\"hidden\" class=\"uagb_forms_form_label\" value=\"Spectra Form\"\/><input type=\"hidden\" class=\"uagb_forms_form_id\" value=\"uagb-form-736f66b2\"\/><\/div><div class=\"uagb-form-reacaptcha-error-736f66b2\"><\/div><div class=\"uagb-forms-main-submit-button-wrap wp-block-button\"><button class=\"uagb-forms-main-submit-button wp-block-button__link\"><div class=\"uagb-forms-main-submit-button-text\">Enviar Mensagem<\/div><\/button><\/div><input type=\"hidden\" name=\"trp-form-language\" value=\"pt\"\/><\/form><div class=\"uagb-forms-success-message-736f66b2 uagb-forms-submit-message-hide\"><span>The form has been submitted successfully!<\/span><\/div><div class=\"uagb-forms-failed-message-736f66b2 uagb-forms-submit-message-hide\"><span>There has been some error while submitting the form. Please verify all form fields again.<\/span><\/div><\/div>\n<\/div>\n<\/div>\n<\/div><\/div>\n<\/div>\n<\/div>","protected":false},"excerpt":{"rendered":"<p>Contact Us Home \/ Contact Us Get in Touch We\u2019d Love to Hear From You Have a question, suggestion, or want to get involved? Our team is here to listen. Whether you\u2019re an individual, a non-profit, or a community leader, we\u2019re ready to support you on the path to meaningful change.<\/p>","protected":false},"author":1,"featured_media":0,"parent":0,"menu_order":0,"comment_status":"closed","ping_status":"closed","template":"","meta":{"_uag_custom_page_level_css":"","footnotes":""},"class_list":["post-584","page","type-page","status-publish","hentry","entry"],"uagb_featured_image_src":{"full":false,"thumbnail":false,"medium":false,"medium_large":false,"large":false,"1536x1536":false,"2048x2048":false,"trp-custom-language-flag":false,"post-thumbnail":false},"uagb_author_info":{"display_name":"buildnewgovernment@gmail.com","author_link":"https:\/\/new-government.com\/pt\/author\/buildnewgovernmentgmail-com\/"},"uagb_comment_info":0,"uagb_excerpt":"Contact Us Home \/ Contact Us Get in Touch We\u2019d Love to Hear From You Have a question, suggestion, or want to get involved? Our team is here to listen. Whether you\u2019re an individual, a non-profit, or a community leader, we\u2019re ready to support you on the path to meaningful change.","_links":{"self":[{"href":"https:\/\/new-government.com\/pt\/wp-json\/wp\/v2\/pages\/584","targetHints":{"allow":["GET"]}}],"collection":[{"href":"https:\/\/new-government.com\/pt\/wp-json\/wp\/v2\/pages"}],"about":[{"href":"https:\/\/new-government.com\/pt\/wp-json\/wp\/v2\/types\/page"}],"author":[{"embeddable":true,"href":"https:\/\/new-government.com\/pt\/wp-json\/wp\/v2\/users\/1"}],"replies":[{"embeddable":true,"href":"https:\/\/new-government.com\/pt\/wp-json\/wp\/v2\/comments?post=584"}],"version-history":[{"count":8,"href":"https:\/\/new-government.com\/pt\/wp-json\/wp\/v2\/pages\/584\/revisions"}],"predecessor-version":[{"id":864,"href":"https:\/\/new-government.com\/pt\/wp-json\/wp\/v2\/pages\/584\/revisions\/864"}],"wp:attachment":[{"href":"https:\/\/new-government.com\/pt\/wp-json\/wp\/v2\/media?parent=584"}],"curies":[{"name":"wp","href":"https:\/\/api.w.org\/{rel}","templated":true}]}}