{"id":576,"date":"2025-09-22T08:18:22","date_gmt":"2025-09-22T08:18:22","guid":{"rendered":"https:\/\/new-government.com\/?page_id=576"},"modified":"2025-10-02T17:58:34","modified_gmt":"2025-10-02T17:58:34","slug":"about-us","status":"publish","type":"page","link":"https:\/\/new-government.com\/pt\/about-us\/","title":{"rendered":"Sobre n\u00f3s"},"content":{"rendered":"<div class=\"wp-block-columns banner-other-pgs is-layout-flex wp-container-core-columns-is-layout-9d6595d7 wp-block-columns-is-layout-flex\">\n<div class=\"wp-block-column bnr-other-row is-layout-flow wp-block-column-is-layout-flow\">\n<div class=\"wp-block-uagb-container uagb-block-8a66c18c alignfull uagb-is-root-container\"><div class=\"uagb-container-inner-blocks-wrap\">\n<div class=\"wp-block-columns bnr-oth-inr-row is-layout-flex wp-container-core-columns-is-layout-9d6595d7 wp-block-columns-is-layout-flex\">\n<div class=\"wp-block-column bnr-oth-left is-layout-flow wp-block-column-is-layout-flow\">\n<div class=\"wp-block-uagb-advanced-heading uagb-block-c5cf7dcc\"><h1 class=\"uagb-heading-text\">Sobre n\u00f3s<\/h1><\/div>\n<\/div>\n\n\n\n<div class=\"wp-block-column bnr-oth-right is-layout-flow wp-block-column-is-layout-flow\">\n<p><a href=\"https:\/\/test-dkjdskfjksd.xo.je\/\" data-type=\"page\" data-id=\"14\">In\u00edcio<\/a> Sobre n\u00f3s<\/p>\n<\/div>\n<\/div>\n<\/div><\/div>\n<\/div>\n<\/div>\n\n\n\n<div class=\"wp-block-columns about-column-section top-only is-layout-flex wp-container-core-columns-is-layout-9d6595d7 wp-block-columns-is-layout-flex\">\n<div class=\"wp-block-column is-layout-flow wp-block-column-is-layout-flow\">\n<div class=\"wp-block-uagb-container uagb-block-a1f45103 alignfull uagb-is-root-container\"><div class=\"uagb-container-inner-blocks-wrap\">\n<div class=\"wp-block-columns about-row-fst is-layout-flex wp-container-core-columns-is-layout-9d6595d7 wp-block-columns-is-layout-flex\">\n<div class=\"wp-block-column about-text-col mini is-layout-flow wp-block-column-is-layout-flow\">\n<div class=\"wp-block-uagb-advanced-heading uagb-block-4ae3da03 green-heading\"><h4 class=\"uagb-heading-text\">Background<\/h4><\/div>\n\n\n\n<div class=\"wp-block-uagb-advanced-heading uagb-block-8d32b5c2\"><h2 class=\"uagb-heading-text\">Onde Tudo Come\u00e7ou<\/h2><\/div>\n\n\n\n<p>Guerras, corrup\u00e7\u00e3o e quest\u00f5es sociais e pol\u00edticas semelhantes me incomodavam desde cedo. Naquela \u00e9poca, eu era jovem demais para levar esse inc\u00f4modo a s\u00e9rio ou mesmo reconhec\u00ea-lo como algo que precisava da minha aten\u00e7\u00e3o. Com o tempo, isso se transformou neste trabalho, fruto das minhas boas inten\u00e7\u00f5es e minha contribui\u00e7\u00e3o para a solu\u00e7\u00e3o.<br><br>\u00c0 medida que vemos cada vez mais tumultos, mais guerras e mais evid\u00eancias de corrup\u00e7\u00e3o nos n\u00edveis mais altos, fica mais claro que os sistemas de governo atuais n\u00e3o nos oferecem o n\u00edvel de controle que dever\u00edamos ter sobre uma institui\u00e7\u00e3o que utiliza o fruto do nosso trabalho para cometer crimes. Tudo isso nos ajuda a enxergar a democracia atual pelo que ela realmente \u00e9. As pessoas acreditam que n\u00e3o h\u00e1 alternativa \u00e0 democracia e permanecem presas \u00e0 ideia de que os sistemas democr\u00e1ticos atuais s\u00e3o os melhores dispon\u00edveis. Nada poderia estar mais longe da verdade.<br><br>Aqueles de n\u00f3s que reconhecem que n\u00e3o controlam o governo, entendem que os pol\u00edticos priorizam seus pr\u00f3prios interesses e aceitam que pedir mudan\u00e7as aos governos e pol\u00edticos trouxe resultados insignificantes, pois a maioria deles estam muito satisfeita com a situa\u00e7\u00e3o atual.<\/p>\n<\/div>\n\n\n\n<div class=\"wp-block-column about-img-col is-layout-flow wp-block-column-is-layout-flow\">\n<div class=\"wp-block-uagb-image uagb-block-20a0ee80 wp-block-uagb-image--layout-default wp-block-uagb-image--effect-static wp-block-uagb-image--align-none\"><figure class=\"wp-block-uagb-image__figure\"><img decoding=\"async\" srcset=\"https:\/\/test-dkjdskfjksd.xo.je\/wp-content\/uploads\/2025\/09\/Rectangle-3767-1024x979.png ,https:\/\/test-dkjdskfjksd.xo.je\/wp-content\/uploads\/2025\/09\/Rectangle-3767.png 780w, https:\/\/test-dkjdskfjksd.xo.je\/wp-content\/uploads\/2025\/09\/Rectangle-3767.png 360w\" sizes=\"auto, (max-width: 480px) 150px\" src=\"https:\/\/test-dkjdskfjksd.xo.je\/wp-content\/uploads\/2025\/09\/Rectangle-3767-1024x979.png\" alt=\"\" class=\"uag-image-127\" width=\"1024\" height=\"979\" title=\"Rectangle 3767\" loading=\"lazy\" role=\"img\"\/><\/figure><\/div>\n<\/div>\n<\/div>\n<\/div><\/div>\n<\/div>\n<\/div>\n\n\n\n<div class=\"wp-block-columns about-column-section blocker is-layout-flex wp-container-core-columns-is-layout-9d6595d7 wp-block-columns-is-layout-flex\">\n<div class=\"wp-block-column is-layout-flow wp-block-column-is-layout-flow\">\n<div class=\"wp-block-uagb-container uagb-block-3b2d854f alignfull uagb-is-root-container\"><div class=\"uagb-container-inner-blocks-wrap\">\n<div class=\"wp-block-columns about-row-fst is-layout-flex wp-container-core-columns-is-layout-9d6595d7 wp-block-columns-is-layout-flex\">\n<div class=\"wp-block-column about-img-col is-layout-flow wp-block-column-is-layout-flow\">\n<div class=\"wp-block-uagb-image uagb-block-7ecd745b wp-block-uagb-image--layout-default wp-block-uagb-image--effect-static wp-block-uagb-image--align-none\"><figure class=\"wp-block-uagb-image__figure\"><img decoding=\"async\" srcset=\"https:\/\/new-government.com\/wp-content\/uploads\/2025\/10\/protest-1024x819.jpg ,https:\/\/new-government.com\/wp-content\/uploads\/2025\/10\/protest-scaled.jpg 780w, https:\/\/new-government.com\/wp-content\/uploads\/2025\/10\/protest-scaled.jpg 360w\" sizes=\"auto, (max-width: 480px) 150px\" src=\"https:\/\/new-government.com\/wp-content\/uploads\/2025\/10\/protest-1024x819.jpg\" alt=\"\" class=\"uag-image-889\" width=\"1024\" height=\"979\" title=\"protest\" loading=\"lazy\" role=\"img\"\/><\/figure><\/div>\n<\/div>\n\n\n\n<div class=\"wp-block-column about-text-col is-layout-flow wp-block-column-is-layout-flow\">\n<div class=\"wp-block-uagb-advanced-heading uagb-block-dc6f2b09 green-heading\"><h4 class=\"uagb-heading-text\">Minha Hist\u00f3ria<\/h4><\/div>\n\n\n\n<div class=\"wp-block-uagb-advanced-heading uagb-block-6be2769f\"><h2 class=\"uagb-heading-text\">O Primeiro Passo<\/h2><\/div>\n\n\n\n<p>A ideia por tr\u00e1s do Novo Governo nasceu de uma observa\u00e7\u00e3o simples: os protestos frequentemente chamam aten\u00e7\u00e3o, mas raramente trazem resultados. Estou aqui para apresentar um novo modelo \u2014 onde pessoas comuns podem participar diretamente da constru\u00e7\u00e3o do futuro. Esse modelo \u00e9 um movimento para mudan\u00e7as pr\u00e1ticas, impulsionadas pelo poder do povo.<br><br>O mais importante \u00e9 que h\u00e1 poucas evid\u00eancias de que os esfor\u00e7os atuais nos estejam levando na dire\u00e7\u00e3o certa. Se aqueles no poder realmente priorizassem nossos interesses, implementariam mudan\u00e7as significativas por conta pr\u00f3pria \u2014 mas como n\u00e3o o fazem, isso faz claro que devemos agir por conta pr\u00f3pria.<br><br>N\u00e3o escrevi este livro para sugerir ou incentivar a destrui\u00e7\u00e3o do governo, nem para promover uma revolu\u00e7\u00e3o \u2014 que geralmente tende a ser sangrenta \u2014, tampouco como um ataque aos ricos. Precisamos de governo, e a riqueza \u00e9 algo positivo. Como o pr\u00f3prio t\u00edtulo indica, precisamos construir um novo governo.<\/p>\n<\/div>\n<\/div>\n<\/div><\/div>\n<\/div>\n<\/div>\n\n\n\n<div class=\"wp-block-columns about-testi-section is-layout-flex wp-container-core-columns-is-layout-9d6595d7 wp-block-columns-is-layout-flex\">\n<div class=\"wp-block-column is-layout-flow wp-block-column-is-layout-flow\">\n<div class=\"wp-block-uagb-container uagb-block-08d7bed8 alignfull uagb-is-root-container\"><div class=\"uagb-container-inner-blocks-wrap\">\n<div class=\"wp-block-columns about-testi-row is-layout-flex wp-container-core-columns-is-layout-9d6595d7 wp-block-columns-is-layout-flex\">\n<div class=\"wp-block-column about-test-colum-inner is-layout-flow wp-block-column-is-layout-flow\">\n<div class=\"wp-block-uagb-info-box uagb-block-e20e10ad uagb-infobox__content-wrap  uagb-infobox-icon-above-title uagb-infobox-image-valign-top\"><div class=\"uagb-ifb-content\"><div class=\"uagb-ifb-image-content\"><img decoding=\"async\" src=\"https:\/\/test-dkjdskfjksd.xo.je\/wp-content\/uploads\/2025\/09\/Mask-group-4.png\" alt=\"\" width=\"\" height=\"0\" loading=\"lazy\"\/><\/div><div class=\"uagb-ifb-title-wrap\"><h3 class=\"uagb-ifb-title\">O Objetivo<\/h3><\/div><p class=\"uagb-ifb-desc\">Capacitar indiv\u00edduos com m\u00e9todos simples e pr\u00e1ticos para influenciar a tomada de decis\u00f5es e alcan\u00e7ar progresso real \u2014 sem conflitos.<\/p><\/div><\/div>\n<\/div>\n\n\n\n<div class=\"wp-block-column about-test-colum-inner is-layout-flow wp-block-column-is-layout-flow\">\n<div class=\"wp-block-uagb-info-box uagb-block-b5333526 uagb-infobox__content-wrap  uagb-infobox-icon-above-title uagb-infobox-image-valign-top\"><div class=\"uagb-ifb-content\"><div class=\"uagb-ifb-image-content\"><img decoding=\"async\" src=\"https:\/\/test-dkjdskfjksd.xo.je\/wp-content\/uploads\/2025\/09\/Mask-group-1-2.png\" alt=\"\" width=\"\" height=\"0\" loading=\"lazy\"\/><\/div><div class=\"uagb-ifb-title-wrap\"><h3 class=\"uagb-ifb-title\">O Como<\/h3><\/div><p class=\"uagb-ifb-desc\">Praticar um processo de tomada de decis\u00f5es por democracia direta em pequenos grupos para permitir o desenvolvimento de uma nova cultura que empodere os indiv\u00edduos.<\/p><\/div><\/div>\n<\/div>\n<\/div>\n\n\n\n<div class=\"wp-block-columns about-testi-row is-layout-flex wp-container-core-columns-is-layout-9d6595d7 wp-block-columns-is-layout-flex\">\n<div class=\"wp-block-column about-test-colum-inner is-layout-flow wp-block-column-is-layout-flow\">\n<div class=\"wp-block-uagb-info-box uagb-block-444e667c uagb-infobox__content-wrap  uagb-infobox-icon-above-title uagb-infobox-image-valign-top\"><div class=\"uagb-ifb-content\"><div class=\"uagb-ifb-image-content\"><img decoding=\"async\" src=\"https:\/\/test-dkjdskfjksd.xo.je\/wp-content\/uploads\/2025\/09\/Mask-group-1-2.png\" alt=\"\" width=\"\" height=\"0\" loading=\"lazy\"\/><\/div><div class=\"uagb-ifb-title-wrap\"><h3 class=\"uagb-ifb-title\">O Quando<\/h3><\/div><p class=\"uagb-ifb-desc\">\"O melhor cen\u00e1rio \u00e9 de 12 anos. Primeiro assumir a lideran\u00e7a do governo municipal, depois estadual e, finalmente, do governo federal.<\/p><\/div><\/div>\n<\/div>\n\n\n\n<div class=\"wp-block-column about-test-colum-inner is-layout-flow wp-block-column-is-layout-flow\">\n<div class=\"wp-block-uagb-info-box uagb-block-d4f0fd2b uagb-infobox__content-wrap  uagb-infobox-icon-above-title uagb-infobox-image-valign-top\"><div class=\"uagb-ifb-content\"><div class=\"uagb-ifb-image-content\"><img decoding=\"async\" src=\"https:\/\/test-dkjdskfjksd.xo.je\/wp-content\/uploads\/2025\/09\/Mask-group-1-2.png\" alt=\"\" width=\"\" height=\"0\" loading=\"lazy\"\/><\/div><div class=\"uagb-ifb-title-wrap\"><h3 class=\"uagb-ifb-title\">A Abordagem<\/h3><\/div><p class=\"uagb-ifb-desc\">Come\u00e7ando pequeno e crescendo juntos, usamos passos mensur\u00e1veis e participa\u00e7\u00e3o direta para construir uma cultura de mudan\u00e7as significativas.<\/p><\/div><\/div>\n<\/div>\n<\/div>\n<\/div><\/div>\n<\/div>\n<\/div>\n\n\n\n<div class=\"wp-block-columns how-it-works is-layout-flex wp-container-core-columns-is-layout-9d6595d7 wp-block-columns-is-layout-flex\">\n<div class=\"wp-block-column true-democracy-inner is-layout-flow wp-block-column-is-layout-flow\">\n<div class=\"wp-block-uagb-container uagb-block-cc450371 alignfull uagb-is-root-container\"><div class=\"uagb-container-inner-blocks-wrap\">\n<div class=\"wp-block-columns how-works-bottom is-layout-flex wp-container-core-columns-is-layout-9d6595d7 wp-block-columns-is-layout-flex\">\n<div class=\"wp-block-column how-work-column left is-layout-flow wp-block-column-is-layout-flow\">\n<div class=\"wp-block-uagb-advanced-heading uagb-block-1c69ccaf green-heading\"><h4 class=\"uagb-heading-text\">Aprofunde-se<\/h4><\/div>\n\n\n\n<div class=\"wp-block-uagb-advanced-heading uagb-block-7bada977\"><h2 class=\"uagb-heading-text\">Por que o T\u00edtulo: Construir um Novo Governo?<\/h2><\/div>\n\n\n\n<p>N\u00e3o deixe que o t\u00edtulo o desanime de se aprofundar neste assunto. A ideia por tr\u00e1s do t\u00edtulo \u00e9 que os governos se tornaram t\u00e3o corruptos que a reforma se tornou imposs\u00edvel. Isso, por\u00e9m, n\u00e3o significa que aqueles de n\u00f3s que acreditam na reforma n\u00e3o possam se beneficiar das estrat\u00e9gias deste livro. Na verdade, o oposto \u00e9 verdadeiro.<br><br>Existem diversos m\u00e9todos para implementar isso. Escolha um projeto, seja da minha lista ou um de sua pr\u00f3pria escolha, que n\u00e3o apenas corresponda ao seu interesse, mas tamb\u00e9m ao seu n\u00edvel de habilidade. Voc\u00ea pode encarar esses projetos como um plano de aprendizado, come\u00e7ando com um projeto que voc\u00ea goste e, em seguida, passando para outro que o desafie a desenvolver ainda mais seus conhecimentos e compet\u00eancias.<br><br>Use os passos descritos no livro para implementar uma nova cultura que permita \u00e0s pessoas ter controle absoluto sobre todas as decis\u00f5es tomadas pelo governo.<\/p>\n<\/div>\n\n\n\n<div class=\"wp-block-column how-work-column right is-layout-flow wp-block-column-is-layout-flow\">\n<div class=\"wp-block-uagb-image uagb-block-eb217744 wp-block-uagb-image--layout-default wp-block-uagb-image--effect-static wp-block-uagb-image--align-none\"><figure class=\"wp-block-uagb-image__figure\"><img decoding=\"async\" srcset=\"https:\/\/test-dkjdskfjksd.xo.je\/wp-content\/uploads\/2025\/09\/Rectangle-8.png ,https:\/\/test-dkjdskfjksd.xo.je\/wp-content\/uploads\/2025\/09\/Rectangle-8.png 780w, https:\/\/test-dkjdskfjksd.xo.je\/wp-content\/uploads\/2025\/09\/Rectangle-8.png 360w\" sizes=\"auto, (max-width: 480px) 150px\" src=\"https:\/\/test-dkjdskfjksd.xo.je\/wp-content\/uploads\/2025\/09\/Rectangle-8.png\" alt=\"\" class=\"uag-image-38\" width=\"677\" height=\"766\" title=\"Rectangle 8\" loading=\"lazy\" role=\"img\"\/><\/figure><\/div>\n<\/div>\n<\/div>\n<\/div><\/div>\n<\/div>\n<\/div>\n\n\n\n<div class=\"wp-block-columns protest-mainn-about is-layout-flex wp-container-core-columns-is-layout-9d6595d7 wp-block-columns-is-layout-flex\">\n<div class=\"wp-block-column is-layout-flow wp-block-column-is-layout-flow\">\n<div class=\"wp-block-uagb-container protest-do-not-about uagb-block-6325ffed alignfull uagb-is-root-container\"><div class=\"uagb-container-inner-blocks-wrap\">\n<div class=\"wp-block-columns is-layout-flex wp-container-core-columns-is-layout-9d6595d7 wp-block-columns-is-layout-flex\">\n<div class=\"wp-block-column is-layout-flow wp-block-column-is-layout-flow\">\n<div class=\"wp-block-uagb-advanced-heading uagb-block-1a5dc627 green-heading\"><h4 class=\"uagb-heading-text\">Engaje-se em Mudan\u00e7as Mensur\u00e1veis<\/h4><\/div>\n\n\n\n<div class=\"wp-block-uagb-advanced-heading uagb-block-83a16c9c\"><h2 class=\"uagb-heading-text\">Experi\u00eancia Pr\u00e1tica: Viva a Mudan\u00e7a que Voc\u00ea Quer Ver<\/h2><\/div>\n\n\n\n<p>As fontes de not\u00edcias exp\u00f5em problemas e raramente discutem solu\u00e7\u00f5es poss\u00edveis. Apenas saber n\u00e3o \u00e9 suficiente, pois o sucesso exige colocar tudo em pr\u00e1tica e aplicar o que foi aprendido; caso contr\u00e1rio, ele nunca ser\u00e1 alcan\u00e7ado. Conhecimento sem experi\u00eancia \u00e9 insuficiente, e as quest\u00f5es jamais ser\u00e3o plenamente exploradas ou compreendidas em sua ess\u00eancia.<\/p>\n<\/div>\n<\/div>\n<\/div><\/div>\n<\/div>\n<\/div>\n\n\n\n<div class=\"wp-block-columns about-us-fourblocks is-layout-flex wp-container-core-columns-is-layout-9d6595d7 wp-block-columns-is-layout-flex\">\n<div class=\"wp-block-column is-layout-flow wp-block-column-is-layout-flow\">\n<div class=\"wp-block-uagb-container uagb-block-31e0558b alignfull uagb-is-root-container\"><div class=\"uagb-container-inner-blocks-wrap\">\n<div class=\"wp-block-columns about-for-row is-layout-flex wp-container-core-columns-is-layout-9d6595d7 wp-block-columns-is-layout-flex\">\n<div class=\"wp-block-column about-four-inner-col is-layout-flow wp-block-column-is-layout-flow\">\n<div class=\"wp-block-uagb-info-box uagb-block-aa076d18 uagb-infobox__content-wrap  uagb-infobox-icon-above-title uagb-infobox-image-valign-top\"><div class=\"uagb-ifb-content\"><div class=\"uagb-ifb-image-content\"><img decoding=\"async\" src=\"https:\/\/test-dkjdskfjksd.xo.je\/wp-content\/uploads\/2025\/09\/65af8a95ec6612fa3ef2941b_011-charity-1.svg-fill.png\" alt=\"\" width=\"\" height=\"0\" loading=\"lazy\"\/><\/div><div class=\"uagb-ifb-title-wrap\"><h3 class=\"uagb-ifb-title\">Autoeduca\u00e7\u00e3o<\/h3><\/div><p class=\"uagb-ifb-desc\">Aprenda como isso funciona e desenvolva uma atitude positiva e afirmadora da vida que permita explorar novas possibilidades.<\/p><\/div><\/div>\n<\/div>\n\n\n\n<div class=\"wp-block-column about-four-inner-col is-layout-flow wp-block-column-is-layout-flow\">\n<div class=\"wp-block-uagb-info-box uagb-block-e099a4c9 uagb-infobox__content-wrap  uagb-infobox-icon-above-title uagb-infobox-image-valign-top\"><div class=\"uagb-ifb-content\"><div class=\"uagb-ifb-image-content\"><img decoding=\"async\" src=\"https:\/\/test-dkjdskfjksd.xo.je\/wp-content\/uploads\/2025\/09\/65af8a95ec6612fa3ef2941b_011-charity-1.svg_.png\" alt=\"\" width=\"\" height=\"0\" loading=\"lazy\"\/><\/div><div class=\"uagb-ifb-title-wrap\"><h3 class=\"uagb-ifb-title\">Normas Sociais<\/h3><\/div><p class=\"uagb-ifb-desc\">Cultive os valores e as normas sociais que permitir\u00e3o a cria\u00e7\u00e3o das regras que seu grupo usar\u00e1 para ser democr\u00e1tico.<\/p><\/div><\/div>\n<\/div>\n\n\n\n<div class=\"wp-block-column about-four-inner-col is-layout-flow wp-block-column-is-layout-flow\">\n<div class=\"wp-block-uagb-info-box uagb-block-9e11b121 uagb-infobox__content-wrap  uagb-infobox-icon-above-title uagb-infobox-image-valign-top\"><div class=\"uagb-ifb-content\"><div class=\"uagb-ifb-image-content\"><img decoding=\"async\" src=\"https:\/\/test-dkjdskfjksd.xo.je\/wp-content\/uploads\/2025\/09\/65af8a95ec6612fa3ef2941b_011-charity-1.svg-1.png\" alt=\"\" width=\"\" height=\"0\" loading=\"lazy\"\/><\/div><div class=\"uagb-ifb-title-wrap\"><h3 class=\"uagb-ifb-title\">Implementa\u00e7\u00e3o<\/h3><\/div><p class=\"uagb-ifb-desc\">Implemente as regras de tomada de decis\u00e3o que ser\u00e3o usadas pelas futuras gera\u00e7\u00f5es para acabar com as guerras e criar justi\u00e7a.<\/p><\/div><\/div>\n<\/div>\n\n\n\n<div class=\"wp-block-column about-four-inner-col is-layout-flow wp-block-column-is-layout-flow\">\n<div class=\"wp-block-uagb-info-box uagb-block-a0b5172c uagb-infobox__content-wrap  uagb-infobox-icon-above-title uagb-infobox-image-valign-top\"><div class=\"uagb-ifb-content\"><div class=\"uagb-ifb-image-content\"><img decoding=\"async\" src=\"https:\/\/test-dkjdskfjksd.xo.je\/wp-content\/uploads\/2025\/09\/65af8a95ec6612fa3ef2941b_011-charity-1.svg-2.png\" alt=\"\" width=\"\" height=\"0\" loading=\"lazy\"\/><\/div><div class=\"uagb-ifb-title-wrap\"><h3 class=\"uagb-ifb-title\">Voc\u00ea<\/h3><\/div><p class=\"uagb-ifb-desc\">N\u00e3o seja mais passivo pensando que nada pode ser feito. Seja ativo na cria\u00e7\u00e3o da mudan\u00e7a que voc\u00ea deseja ver.<\/p><\/div><\/div>\n<\/div>\n<\/div>\n<\/div><\/div>\n<\/div>\n<\/div>","protected":false},"excerpt":{"rendered":"<p>About Us Home \/ About us Background Where It All Began War, corruption, and similar social and political issues bothered me from an early age. At that time, I was too young to take my annoyance seriously or even recognize it as something that needed my attention. It eventually morpht into this work, the fruit&hellip; <a class=\"more-link\" href=\"https:\/\/new-government.com\/pt\/about-us\/\">Continuar lendo <span class=\"screen-reader-text\">Sobre n\u00f3s<\/span><\/a><\/p>","protected":false},"author":1,"featured_media":0,"parent":0,"menu_order":0,"comment_status":"closed","ping_status":"closed","template":"","meta":{"_uag_custom_page_level_css":"","footnotes":""},"class_list":["post-576","page","type-page","status-publish","hentry","entry"],"uagb_featured_image_src":{"full":false,"thumbnail":false,"medium":false,"medium_large":false,"large":false,"1536x1536":false,"2048x2048":false,"trp-custom-language-flag":false,"post-thumbnail":false},"uagb_author_info":{"display_name":"buildnewgovernment@gmail.com","author_link":"https:\/\/new-government.com\/pt\/author\/buildnewgovernmentgmail-com\/"},"uagb_comment_info":0,"uagb_excerpt":"About Us Home \/ About us Background Where It All Began War, corruption, and similar social and political issues bothered me from an early age. At that time, I was too young to take my annoyance seriously or even recognize it as something that needed my attention. It eventually morpht into this work, the fruit&hellip;&hellip;","_links":{"self":[{"href":"https:\/\/new-government.com\/pt\/wp-json\/wp\/v2\/pages\/576","targetHints":{"allow":["GET"]}}],"collection":[{"href":"https:\/\/new-government.com\/pt\/wp-json\/wp\/v2\/pages"}],"about":[{"href":"https:\/\/new-government.com\/pt\/wp-json\/wp\/v2\/types\/page"}],"author":[{"embeddable":true,"href":"https:\/\/new-government.com\/pt\/wp-json\/wp\/v2\/users\/1"}],"replies":[{"embeddable":true,"href":"https:\/\/new-government.com\/pt\/wp-json\/wp\/v2\/comments?post=576"}],"version-history":[{"count":21,"href":"https:\/\/new-government.com\/pt\/wp-json\/wp\/v2\/pages\/576\/revisions"}],"predecessor-version":[{"id":901,"href":"https:\/\/new-government.com\/pt\/wp-json\/wp\/v2\/pages\/576\/revisions\/901"}],"wp:attachment":[{"href":"https:\/\/new-government.com\/pt\/wp-json\/wp\/v2\/media?parent=576"}],"curies":[{"name":"wp","href":"https:\/\/api.w.org\/{rel}","templated":true}]}}